{"id":70,"date":"2025-11-09T17:19:01","date_gmt":"2025-11-09T17:19:01","guid":{"rendered":"http:\/\/www.prospekt.net.pl\/?page_id=70"},"modified":"2025-11-11T09:03:36","modified_gmt":"2025-11-11T09:03:36","slug":"fotografia","status":"publish","type":"page","link":"https:\/\/www.prospekt.net.pl\/index.php\/fotografia\/","title":{"rendered":"Fotografia"},"content":{"rendered":"\n<p><\/p>\n\n\n\n<h2 class=\"wp-block-heading\">Zapraszamy wszystkich zainteresowanych do zapoznania si\u0119 z nasz\u0105 now\u0105 ofert\u0105 kt\u00f3ra zawiera:<\/h2>\n\n\n\n<ul class=\"wp-block-list\">\n<li>Skanowanie dostarczonych zdj\u0119\u0107,<\/li>\n\n\n\n<li>Rekonstrukcj\u0119 uszkodzonych zdj\u0119\u0107,<\/li>\n\n\n\n<li>Koloryzowanie zdj\u0119\u0107,<\/li>\n\n\n\n<li>Retusz zdj\u0119\u0107 portretowych,<\/li>\n\n\n\n<li>Wycinanie (tzw. szparowanie obiekt\u00f3w) do katalog\u00f3w, stron internetowych itp.<\/li>\n\n\n\n<li>Wykonanie renderingu produktu na podstawie przes\u0142anego projektu.<\/li>\n<\/ul>\n","protected":false},"excerpt":{"rendered":"<p>Zapraszamy wszystkich zainteresowanych do zapoznania si\u0119 z nasz\u0105 now\u0105 ofert\u0105 kt\u00f3ra zawiera:<\/p>\n","protected":false},"author":1,"featured_media":0,"parent":0,"menu_order":0,"comment_status":"closed","ping_status":"closed","template":"","meta":{"om_disable_all_campaigns":false,"_monsterinsights_skip_tracking":false,"_monsterinsights_sitenote_active":false,"_monsterinsights_sitenote_note":"","_monsterinsights_sitenote_category":0,"footnotes":""},"class_list":["post-70","page","type-page","status-publish","hentry"],"aioseo_notices":[],"_links":{"self":[{"href":"https:\/\/www.prospekt.net.pl\/index.php\/wp-json\/wp\/v2\/pages\/70","targetHints":{"allow":["GET"]}}],"collection":[{"href":"https:\/\/www.prospekt.net.pl\/index.php\/wp-json\/wp\/v2\/pages"}],"about":[{"href":"https:\/\/www.prospekt.net.pl\/index.php\/wp-json\/wp\/v2\/types\/page"}],"author":[{"embeddable":true,"href":"https:\/\/www.prospekt.net.pl\/index.php\/wp-json\/wp\/v2\/users\/1"}],"replies":[{"embeddable":true,"href":"https:\/\/www.prospekt.net.pl\/index.php\/wp-json\/wp\/v2\/comments?post=70"}],"version-history":[{"count":4,"href":"https:\/\/www.prospekt.net.pl\/index.php\/wp-json\/wp\/v2\/pages\/70\/revisions"}],"predecessor-version":[{"id":163,"href":"https:\/\/www.prospekt.net.pl\/index.php\/wp-json\/wp\/v2\/pages\/70\/revisions\/163"}],"wp:attachment":[{"href":"https:\/\/www.prospekt.net.pl\/index.php\/wp-json\/wp\/v2\/media?parent=70"}],"curies":[{"name":"wp","href":"https:\/\/api.w.org\/{rel}","templated":true}]}}