{"id":69,"date":"2025-11-09T17:19:01","date_gmt":"2025-11-09T17:19:01","guid":{"rendered":"http:\/\/www.prospekt.net.pl\/?page_id=69"},"modified":"2025-11-11T08:57:45","modified_gmt":"2025-11-11T08:57:45","slug":"offset","status":"publish","type":"page","link":"https:\/\/www.prospekt.net.pl\/index.php\/offset\/","title":{"rendered":"Offset"},"content":{"rendered":"\n<p><\/p>\n\n\n\n<h2 class=\"wp-block-heading\">Projekty graficzne<\/h2>\n\n\n\n<ul class=\"wp-block-list\">\n<li>folder\u00f3w, ulotek, <\/li>\n\n\n\n<li>druki offsetowe, druki samokopiuj\u0105ce, bloczki reklamowe<\/li>\n\n\n\n<li>kalendarze, wizyt\u00f3wki, broszury<\/li>\n\n\n\n<li>bilboard(y), reklama na budynkach i samochodach<\/li>\n<\/ul>\n\n\n\n<h2 class=\"wp-block-heading\">Impozycja:<\/h2>\n\n\n\n<ul class=\"wp-block-list\">\n<li>przygotowujemy impozycj\u0119 przes\u0142anych projekt\u00f3w w formatach otwartych<br>(PDF, AI, EPS, INDD) do arkuszowego druku offsetowego<\/li>\n\n\n\n<li>prace zostaj\u0105 sprawdzone, w razie konieczno\u015bci uzupe\u0142nione o nadlewki i spady <br>oraz przygotowane pod zadany arkusz i maszyn\u0119.<\/li>\n<\/ul>\n","protected":false},"excerpt":{"rendered":"<p>Projekty graficzne Impozycja:<\/p>\n","protected":false},"author":1,"featured_media":0,"parent":0,"menu_order":0,"comment_status":"closed","ping_status":"closed","template":"","meta":{"om_disable_all_campaigns":false,"_monsterinsights_skip_tracking":false,"_monsterinsights_sitenote_active":false,"_monsterinsights_sitenote_note":"","_monsterinsights_sitenote_category":0,"footnotes":""},"class_list":["post-69","page","type-page","status-publish","hentry"],"aioseo_notices":[],"_links":{"self":[{"href":"https:\/\/www.prospekt.net.pl\/index.php\/wp-json\/wp\/v2\/pages\/69","targetHints":{"allow":["GET"]}}],"collection":[{"href":"https:\/\/www.prospekt.net.pl\/index.php\/wp-json\/wp\/v2\/pages"}],"about":[{"href":"https:\/\/www.prospekt.net.pl\/index.php\/wp-json\/wp\/v2\/types\/page"}],"author":[{"embeddable":true,"href":"https:\/\/www.prospekt.net.pl\/index.php\/wp-json\/wp\/v2\/users\/1"}],"replies":[{"embeddable":true,"href":"https:\/\/www.prospekt.net.pl\/index.php\/wp-json\/wp\/v2\/comments?post=69"}],"version-history":[{"count":3,"href":"https:\/\/www.prospekt.net.pl\/index.php\/wp-json\/wp\/v2\/pages\/69\/revisions"}],"predecessor-version":[{"id":157,"href":"https:\/\/www.prospekt.net.pl\/index.php\/wp-json\/wp\/v2\/pages\/69\/revisions\/157"}],"wp:attachment":[{"href":"https:\/\/www.prospekt.net.pl\/index.php\/wp-json\/wp\/v2\/media?parent=69"}],"curies":[{"name":"wp","href":"https:\/\/api.w.org\/{rel}","templated":true}]}}